{"id":5763,"date":"2023-07-09T07:59:37","date_gmt":"2023-07-09T05:59:37","guid":{"rendered":"https:\/\/www.willi-graf-schulen.de\/realschule\/?page_id=5763"},"modified":"2025-11-16T21:03:05","modified_gmt":"2025-11-16T20:03:05","slug":"nachhaltigkeit","status":"publish","type":"page","link":"https:\/\/www.willi-graf-schulen.de\/realschule\/nachhaltigkeit\/","title":{"rendered":"BNE"},"content":{"rendered":"\t\t<div data-elementor-type=\"wp-page\" data-elementor-id=\"5763\" class=\"elementor elementor-5763\" data-elementor-post-type=\"page\">\n\t\t\t\t\t\t<section class=\"elementor-section elementor-top-section elementor-element elementor-element-502cc01 elementor-section-boxed elementor-section-height-default elementor-section-height-default\" data-id=\"502cc01\" data-element_type=\"section\" data-e-type=\"section\" data-settings=\"{&quot;jet_parallax_layout_list&quot;:[]}\">\n\t\t\t\t\t\t<div class=\"elementor-container elementor-column-gap-default\">\n\t\t\t\t\t<div class=\"elementor-column elementor-col-100 elementor-top-column elementor-element elementor-element-914b5a9\" data-id=\"914b5a9\" data-element_type=\"column\" data-e-type=\"column\">\n\t\t\t<div class=\"elementor-widget-wrap\">\n\t\t\t\t\t\t\t<\/div>\n\t\t<\/div>\n\t\t\t\t\t<\/div>\n\t\t<\/section>\n\t\t\t\t<section class=\"elementor-section elementor-top-section elementor-element elementor-element-7ac1d52 elementor-section-boxed elementor-section-height-default elementor-section-height-default\" data-id=\"7ac1d52\" data-element_type=\"section\" data-e-type=\"section\" data-settings=\"{&quot;jet_parallax_layout_list&quot;:[]}\">\n\t\t\t\t\t\t<div class=\"elementor-container elementor-column-gap-default\">\n\t\t\t\t\t<div class=\"elementor-column elementor-col-100 elementor-top-column elementor-element elementor-element-cc3748e\" data-id=\"cc3748e\" data-element_type=\"column\" data-e-type=\"column\">\n\t\t\t<div class=\"elementor-widget-wrap elementor-element-populated\">\n\t\t\t\t\t\t<div class=\"elementor-element elementor-element-22f760c elementor-widget elementor-widget-text-editor\" data-id=\"22f760c\" data-element_type=\"widget\" data-e-type=\"widget\" data-widget_type=\"text-editor.default\">\n\t\t\t\t<div class=\"elementor-widget-container\">\n\t\t\t\t\t\t\t\t\t<div class=\"subheadline\"><h3 class=\"\"><a href=\"https:\/\/www.saarland.de\/mukmav\/DE\/portale\/bildungfuernachhaltigeentwicklung\/home\/institutionelle-bne\/landeskoordinationbne\">Systematische Verankerung der Bildung f\u00fcr nachhaltiger Entwicklung (BNE) in saarl\u00e4ndischen Schulen<\/a><\/h3><\/div><div class=\"abstract\"><p>&#8222;Hintergrund ist ein Beschluss der Vereinten Nationen. Diese haben sich bis zum Jahr 2030 das Ziel gesetzt, \u00f6kologische Verantwortung und \u00f6konomische Vernunft eng mit sozialer Gerechtigkeit zu verkn\u00fcpfen. Deutschland hat diese Ziele unterschrieben und in einem Nationalen Aktionsprogramm vorgegeben, wie es diese erreichen will.<\/p><p>Bildung nimmt im Nationalen Aktionsplan der Bundesregierung eine Schl\u00fcsselrolle ein. Um globale Zusammenh\u00e4nge und individuelles Verhalten in Verbindung zu bringen, sollen bereits Sch\u00fclerinnen und Sch\u00fcler f\u00fcr die Nachhaltige Entwicklung sensibilisiert werden, sei es zum Beispiel durch die Einbindung der Thematik in den Lehrpl\u00e4nen oder durch fair gehandelte Produkte am Schulkiosk oder in der Kantine.<\/p><p>Im Saarland hat sich die Landesregierung f\u00fcr die Umsetzung ihrer Pl\u00e4ne einen Partner ins Boot geholt, die im Auftrag der Bundesregierung t\u00e4tige Gesellschaft Engagement gGmbH \u2013 die unter einem Dach verschiedene F\u00f6rderprogramme sowie zahlreiche Projekte, Initiativen und Angebote f\u00fcr ein gerechtes und nachhaltiges globales Miteinander vereint.&#8220; (<a href=\"https:\/\/www.saarland.de\/mukmav\/DE\/portale\/bildungfuernachhaltigeentwicklung\/home\/institutionelle-bne\/landeskoordinationbne\" target=\"_blank\" rel=\"noopener\">siehe externer Link zu BNE<\/a> )<\/p><\/div>\t\t\t\t\t\t\t\t<\/div>\n\t\t\t\t<\/div>\n\t\t\t\t<div class=\"elementor-element elementor-element-fadb68f elementor-widget elementor-widget-text-editor\" data-id=\"fadb68f\" data-element_type=\"widget\" data-e-type=\"widget\" data-widget_type=\"text-editor.default\">\n\t\t\t\t<div class=\"elementor-widget-container\">\n\t\t\t\t\t\t\t\t\t<h3>Schule der Nachhaltigkeit<\/h3><p>Die Willi-Graf Realschule ist auf dem Weg <em>Schule der Nachhaltigkeit<\/em> zu werden. Bei der Implementierung von BNE im Sinne des Whole School Approaches haben wir als Fairtrade School schon einen gro\u00dfen Meilenstein gesetzt. Aber im Rahmen des Orientierungsrahmen Globale Entwicklung setzen wir weitere praktische Beispiele um, wie zum Beispiel neben dem Fairen Handel Themen wie Ern\u00e4hrung, Energie, M\u00fcll\/Abfall, Kinderrechte, Konsum,\u00a0 Klima usw.<\/p><p>An unseren Thementagen behandeln wir immer wieder BNE- Themen.\u00a0<\/p><p>Als Schule des Bistums Trier haben wir die \u00a0Themen Bewahrung der Sch\u00f6pfung und nachhaltige Entwicklung in der allt\u00e4glichen Unterrichtspraxis als auch in au\u00dferunterrichtlichen Projekten auf vielf\u00e4ltige Weise aufgegriffen und umgesetzt. \u00a0<\/p><p>\u00a0<a href=\"https:\/\/www.willi-graf-schulen.de\/realschule\/bne-und-wgr\/\" target=\"_blank\" rel=\"noopener\">N\u00e4heres zu Bildung von nachhaltiger Entwicklung und unserer Willi- Graf Realschule als Bistumsschule lesen Sie hier\u2026. \u00a0<\/a><\/p>\t\t\t\t\t\t\t\t<\/div>\n\t\t\t\t<\/div>\n\t\t\t\t\t<\/div>\n\t\t<\/div>\n\t\t\t\t\t<\/div>\n\t\t<\/section>\n\t\t\t\t<section class=\"elementor-section elementor-top-section elementor-element elementor-element-0f6dcc3 elementor-section-boxed elementor-section-height-default elementor-section-height-default\" data-id=\"0f6dcc3\" data-element_type=\"section\" data-e-type=\"section\" data-settings=\"{&quot;jet_parallax_layout_list&quot;:[]}\">\n\t\t\t\t\t\t<div class=\"elementor-container elementor-column-gap-default\">\n\t\t\t\t\t<div class=\"elementor-column elementor-col-100 elementor-top-column elementor-element elementor-element-7375eb1\" data-id=\"7375eb1\" data-element_type=\"column\" data-e-type=\"column\">\n\t\t\t<div class=\"elementor-widget-wrap\">\n\t\t\t\t\t\t\t<\/div>\n\t\t<\/div>\n\t\t\t\t\t<\/div>\n\t\t<\/section>\n\t\t\t\t<\/div>\n\t\t","protected":false},"excerpt":{"rendered":"<p>Systematische Verankerung der Bildung f\u00fcr nachhaltiger Entwicklung (BNE) in saarl\u00e4ndischen Schulen &#8222;Hintergrund ist ein Beschluss der Vereinten Nationen. Diese haben sich bis zum Jahr 2030 das Ziel gesetzt, \u00f6kologische Verantwortung und \u00f6konomische Vernunft eng mit sozialer Gerechtigkeit zu verkn\u00fcpfen. Deutschland hat diese Ziele unterschrieben und in einem Nationalen Aktionsprogramm vorgegeben, wie es diese erreichen will. [&hellip;]<\/p>\n","protected":false},"author":7,"featured_media":0,"parent":0,"menu_order":0,"comment_status":"closed","ping_status":"closed","template":"","meta":{"footnotes":""},"class_list":["post-5763","page","type-page","status-publish","hentry"],"_links":{"self":[{"href":"https:\/\/www.willi-graf-schulen.de\/realschule\/wp-json\/wp\/v2\/pages\/5763","targetHints":{"allow":["GET"]}}],"collection":[{"href":"https:\/\/www.willi-graf-schulen.de\/realschule\/wp-json\/wp\/v2\/pages"}],"about":[{"href":"https:\/\/www.willi-graf-schulen.de\/realschule\/wp-json\/wp\/v2\/types\/page"}],"author":[{"embeddable":true,"href":"https:\/\/www.willi-graf-schulen.de\/realschule\/wp-json\/wp\/v2\/users\/7"}],"replies":[{"embeddable":true,"href":"https:\/\/www.willi-graf-schulen.de\/realschule\/wp-json\/wp\/v2\/comments?post=5763"}],"version-history":[{"count":36,"href":"https:\/\/www.willi-graf-schulen.de\/realschule\/wp-json\/wp\/v2\/pages\/5763\/revisions"}],"predecessor-version":[{"id":8272,"href":"https:\/\/www.willi-graf-schulen.de\/realschule\/wp-json\/wp\/v2\/pages\/5763\/revisions\/8272"}],"wp:attachment":[{"href":"https:\/\/www.willi-graf-schulen.de\/realschule\/wp-json\/wp\/v2\/media?parent=5763"}],"curies":[{"name":"wp","href":"https:\/\/api.w.org\/{rel}","templated":true}]}}