{"id":6632,"date":"2024-04-20T23:09:49","date_gmt":"2024-04-20T21:09:49","guid":{"rendered":"https:\/\/www.willi-graf-schulen.de\/realschule\/?page_id=6632"},"modified":"2026-01-12T14:41:03","modified_gmt":"2026-01-12T13:41:03","slug":"thementage-2","status":"publish","type":"page","link":"https:\/\/www.willi-graf-schulen.de\/realschule\/thementage-2\/","title":{"rendered":"Thementage"},"content":{"rendered":"\t\t<div data-elementor-type=\"wp-page\" data-elementor-id=\"6632\" class=\"elementor elementor-6632\" data-elementor-post-type=\"page\">\n\t\t\t\t\t\t<section class=\"elementor-section elementor-top-section elementor-element elementor-element-a03d409 elementor-section-boxed elementor-section-height-default elementor-section-height-default\" data-id=\"a03d409\" data-element_type=\"section\" data-e-type=\"section\" data-settings=\"{&quot;jet_parallax_layout_list&quot;:[]}\">\n\t\t\t\t\t\t<div class=\"elementor-container elementor-column-gap-default\">\n\t\t\t\t\t<div class=\"elementor-column elementor-col-100 elementor-top-column elementor-element elementor-element-4963f05\" data-id=\"4963f05\" data-element_type=\"column\" data-e-type=\"column\">\n\t\t\t<div class=\"elementor-widget-wrap elementor-element-populated\">\n\t\t\t\t\t\t<div class=\"elementor-element elementor-element-1825751 elementor-widget elementor-widget-text-editor\" data-id=\"1825751\" data-element_type=\"widget\" data-e-type=\"widget\" data-widget_type=\"text-editor.default\">\n\t\t\t\t<div class=\"elementor-widget-container\">\n\t\t\t\t\t\t\t\t\t<p>Seit dem Schuljahr 2022\/23 haben wir 4 Thementage im Jahr.\u00a0An den Thementagen werden Themen bearbeitet, \u00a0mit denen man sich ohne das Unterrichts-Pausen-Raster einzuhalten, \u00a0einen ganzen Vormittag besch\u00e4ftigen kann.<\/p><p>Mathe, Bio, Englisch? Nein, auch einmal: Medienbildung, Suchtpr\u00e4vention, Eine Welt, Fairtrade, Nachhaltigkeit, Kreativit\u00e4t\u2026! Das sind Themen, mit denen sich die Sch\u00fcler*innen an den Thementagen besch\u00e4ftigen k\u00f6nnen.\u00a0Der gewohnte Stundenplan ist vollst\u00e4ndig aufgehoben, an die Stelle von regelm\u00e4\u00dfigem Fachunterricht und bekannten Strukturen treten projektartiges und interdisziplin\u00e4res\u00a0Lernen.<\/p><p>Die Themenwoche ist fester Bestandteil im Rhythmus des Schuljahres und erm\u00f6glicht neben Klassenfahrten, Sch\u00fcleraustauschen, Theater- und Musikprogrammen die Erfahrung: Bildung ist mehr als Wissen. Schule ist Ort des Lernens, Lebens, der gemeinsamen Erfahrung und des gemeinsamen Tuns. Ein Thema mit viel Zeit aus der Perspektive mehrerer F\u00e4cher zu behandeln und dabei sch\u00f6pferisch t\u00e4tig zu werden.<\/p><p>Gleich welches Thema die Sch\u00fcler*innen der jeweiligen Jahrgangsstufe auf ihrem Stundenplan haben: Die Thementage bieten ausreichend Anl\u00e4sse f\u00fcr Neugier und Freude am Erkennen von Zusammenh\u00e4ngen. Das Lernen mit allen Sinnen, mit aufgebrochenen Strukturen, f\u00e4cher\u00fcbergreifender Herangehensweise und\u00a0 projektartigem Arbeiten ist es, \u00a0was allen viel Freude macht und eine Menge sch\u00f6pferischer Kr\u00e4fte\u00a0freisetzt.<\/p>\t\t\t\t\t\t\t\t<\/div>\n\t\t\t\t<\/div>\n\t\t\t\t\t<\/div>\n\t\t<\/div>\n\t\t\t\t\t<\/div>\n\t\t<\/section>\n\t\t\t\t<section class=\"elementor-section elementor-top-section elementor-element elementor-element-cc235f2 elementor-section-boxed elementor-section-height-default elementor-section-height-default\" data-id=\"cc235f2\" data-element_type=\"section\" data-e-type=\"section\" data-settings=\"{&quot;jet_parallax_layout_list&quot;:[]}\">\n\t\t\t\t\t\t<div class=\"elementor-container elementor-column-gap-default\">\n\t\t\t\t\t<div class=\"elementor-column elementor-col-100 elementor-top-column elementor-element elementor-element-bedb38a\" data-id=\"bedb38a\" data-element_type=\"column\" data-e-type=\"column\">\n\t\t\t<div class=\"elementor-widget-wrap elementor-element-populated\">\n\t\t\t\t\t\t<div class=\"elementor-element elementor-element-e2f6d44 elementor-widget elementor-widget-text-editor\" data-id=\"e2f6d44\" data-element_type=\"widget\" data-e-type=\"widget\" data-widget_type=\"text-editor.default\">\n\t\t\t\t<div class=\"elementor-widget-container\">\n\t\t\t\t\t\t\t\t\t<p><a href=\"https:\/\/www.willi-graf-schulen.de\/realschule\/thementag-24-11-25\/\" target=\"_blank\" rel=\"noopener\">Einige Impressionen zu letzen Thementagen&#8230;. finden Sie hier<\/a><\/p><p><a href=\"https:\/\/www.willi-graf-schulen.de\/realschule\/thementag-01-04-25\/\" target=\"_blank\" rel=\"noopener\">&#8230; oder hier<\/a><\/p>\t\t\t\t\t\t\t\t<\/div>\n\t\t\t\t<\/div>\n\t\t\t\t\t<\/div>\n\t\t<\/div>\n\t\t\t\t\t<\/div>\n\t\t<\/section>\n\t\t\t\t<\/div>\n\t\t","protected":false},"excerpt":{"rendered":"<p>Seit dem Schuljahr 2022\/23 haben wir 4 Thementage im Jahr.\u00a0An den Thementagen werden Themen bearbeitet, \u00a0mit denen man sich ohne das Unterrichts-Pausen-Raster einzuhalten, \u00a0einen ganzen Vormittag besch\u00e4ftigen kann. Mathe, Bio, Englisch? Nein, auch einmal: Medienbildung, Suchtpr\u00e4vention, Eine Welt, Fairtrade, Nachhaltigkeit, Kreativit\u00e4t\u2026! Das sind Themen, mit denen sich die Sch\u00fcler*innen an den Thementagen besch\u00e4ftigen k\u00f6nnen.\u00a0Der gewohnte [&hellip;]<\/p>\n","protected":false},"author":7,"featured_media":0,"parent":0,"menu_order":0,"comment_status":"closed","ping_status":"closed","template":"","meta":{"footnotes":""},"class_list":["post-6632","page","type-page","status-publish","hentry"],"_links":{"self":[{"href":"https:\/\/www.willi-graf-schulen.de\/realschule\/wp-json\/wp\/v2\/pages\/6632","targetHints":{"allow":["GET"]}}],"collection":[{"href":"https:\/\/www.willi-graf-schulen.de\/realschule\/wp-json\/wp\/v2\/pages"}],"about":[{"href":"https:\/\/www.willi-graf-schulen.de\/realschule\/wp-json\/wp\/v2\/types\/page"}],"author":[{"embeddable":true,"href":"https:\/\/www.willi-graf-schulen.de\/realschule\/wp-json\/wp\/v2\/users\/7"}],"replies":[{"embeddable":true,"href":"https:\/\/www.willi-graf-schulen.de\/realschule\/wp-json\/wp\/v2\/comments?post=6632"}],"version-history":[{"count":6,"href":"https:\/\/www.willi-graf-schulen.de\/realschule\/wp-json\/wp\/v2\/pages\/6632\/revisions"}],"predecessor-version":[{"id":8412,"href":"https:\/\/www.willi-graf-schulen.de\/realschule\/wp-json\/wp\/v2\/pages\/6632\/revisions\/8412"}],"wp:attachment":[{"href":"https:\/\/www.willi-graf-schulen.de\/realschule\/wp-json\/wp\/v2\/media?parent=6632"}],"curies":[{"name":"wp","href":"https:\/\/api.w.org\/{rel}","templated":true}]}}